{"id":54,"date":"2016-06-13T19:42:47","date_gmt":"2016-06-13T17:42:47","guid":{"rendered":"http:\/\/mosip.sk\/?page_id=54"},"modified":"2016-11-09T10:23:19","modified_gmt":"2016-11-09T08:23:19","slug":"2014-2","status":"publish","type":"page","link":"https:\/\/mosip.sk\/?page_id=54","title":{"rendered":"2014"},"content":{"rendered":"<style><!--\n.entry-title {display:none;}\n--><\/style>\n<ul>\n<li style=\"padding-left: 30px;\">Logistick\u00e9 centrum Ko\u0161ice &#8211; Ve\u013ek\u00e1 Ida<\/li>\n<li style=\"padding-left: 30px;\">56 n\u00e1jomn\u00fdch bytov -Vr\u00fatky<\/li>\n<li style=\"padding-left: 30px;\">14 n\u00e1jomn\u00fdch bytov Sverepec<\/li>\n<li style=\"padding-left: 30px;\">Biochemia \u017dilina<\/li>\n<li style=\"padding-left: 30px;\">Logistick\u00e9 centrum Lozorno<\/li>\n<li style=\"padding-left: 30px;\">Viac\u00fa\u010delov\u00e9 zariadenie pre seniorov \u010cadca<\/li>\n<li style=\"padding-left: 30px;\">Z\u0160 Topolov\u00e1 Nitra<\/li>\n<li style=\"padding-left: 30px;\">DPD Doln\u00fd Hri\u010dov &#8211; Immopark \u017dilina<\/li>\n<li style=\"padding-left: 30px;\">Bytov\u00fd dom, Dubni\u010dka V, 44 bytov<\/li>\n<li style=\"padding-left: 30px;\">Man\u017eelsk\u00e9 intern\u00e1ty &#8211; Mlyny UK<\/li>\n<li style=\"padding-left: 30px;\">Shell \u010cerven\u00edk<\/li>\n<\/ul>\n","protected":false},"excerpt":{"rendered":"<p>Logistick\u00e9 centrum Ko\u0161ice &#8211; Ve\u013ek\u00e1 Ida 56 n\u00e1jomn\u00fdch bytov -Vr\u00fatky 14 n\u00e1jomn\u00fdch bytov Sverepec Biochemia \u017dilina Logistick\u00e9 centrum Lozorno Viac\u00fa\u010delov\u00e9 zariadenie pre seniorov \u010cadca Z\u0160 Topolov\u00e1 Nitra DPD Doln\u00fd Hri\u010dov &#8211; Immopark \u017dilina Bytov\u00fd dom, Dubni\u010dka V, 44 bytov Man\u017eelsk\u00e9 intern\u00e1ty &#8211; Mlyny UK Shell \u010cerven\u00edk<\/p>\n","protected":false},"author":3,"featured_media":0,"parent":19,"menu_order":3,"comment_status":"closed","ping_status":"closed","template":"","meta":{"footnotes":""},"class_list":["post-54","page","type-page","status-publish"],"_links":{"self":[{"href":"https:\/\/mosip.sk\/index.php?rest_route=\/wp\/v2\/pages\/54","targetHints":{"allow":["GET"]}}],"collection":[{"href":"https:\/\/mosip.sk\/index.php?rest_route=\/wp\/v2\/pages"}],"about":[{"href":"https:\/\/mosip.sk\/index.php?rest_route=\/wp\/v2\/types\/page"}],"author":[{"embeddable":true,"href":"https:\/\/mosip.sk\/index.php?rest_route=\/wp\/v2\/users\/3"}],"replies":[{"embeddable":true,"href":"https:\/\/mosip.sk\/index.php?rest_route=%2Fwp%2Fv2%2Fcomments&post=54"}],"version-history":[{"count":10,"href":"https:\/\/mosip.sk\/index.php?rest_route=\/wp\/v2\/pages\/54\/revisions"}],"predecessor-version":[{"id":97,"href":"https:\/\/mosip.sk\/index.php?rest_route=\/wp\/v2\/pages\/54\/revisions\/97"}],"up":[{"embeddable":true,"href":"https:\/\/mosip.sk\/index.php?rest_route=\/wp\/v2\/pages\/19"}],"wp:attachment":[{"href":"https:\/\/mosip.sk\/index.php?rest_route=%2Fwp%2Fv2%2Fmedia&parent=54"}],"curies":[{"name":"wp","href":"https:\/\/api.w.org\/{rel}","templated":true}]}}