{"id":68,"date":"2016-06-13T20:04:07","date_gmt":"2016-06-13T18:04:07","guid":{"rendered":"http:\/\/mosip.sk\/?page_id=68"},"modified":"2016-11-09T10:22:56","modified_gmt":"2016-11-09T08:22:56","slug":"2015-2","status":"publish","type":"page","link":"http:\/\/mosip.sk\/?page_id=68","title":{"rendered":"2015"},"content":{"rendered":"<style><!--\n.entry-title {display:none;}\n--><\/style>\n<ul>\n<li style=\"text-align: left;\">\u00a0\u00a0\u00a0 Bytov\u00fd dom Aurel Martin, 14 b.j.<\/li>\n<li>\u00a0\u00a0\u00a0 Hyunnam Automotive, Kr\u00e1sno nad Kysucou<\/li>\n<li>\u00a0 \u00a0 Madal bal<\/li>\n<li>\u00a0\u00a0\u00a0 TODOS \u017dilina s.ro.<\/li>\n<li>\u00a0\u00a0\u00a0 Hotel Atrium Nov\u00fd Smokovec &#8211; wellnes<\/li>\n<li>\u00a0\u00a0\u00a0 Kult\u00farny dom Kysuck\u00e9 nov\u00e9 Mesto<\/li>\n<li>\u00a0 \u00a0 HOWE Ko\u0161ice &#8211; Immopark<\/li>\n<li>\u00a0 \u00a0 DONGWON T\u0159inec<\/li>\n<li>\u00a0\u00a0\u00a0 Lie\u010debn\u00fd dom Cho\u010d L\u00fa\u010dky, 50 k\u00fape\u013eni<\/li>\n<li>\u00a0\u00a0\u00a0 \u010cerpacia stanica Shell &#8211; 21 kr\u00e1t<\/li>\n<li>\u00a0\u00a0\u00a0 W\u00fcstenrot pois\u0165ov\u0148a a.s.\u00a0 Ko\u0161ice<\/li>\n<li>\u00a0\u00a0\u00a0 Logistick\u00e9 centrum Senec &#8211; Alza<\/li>\n<li>\u00a0\u00a0\u00a0 Logistick\u00e9 centrum Senec &#8211; Karimpol<\/li>\n<li>\u00a0\u00a0\u00a0 Logistick\u00e9 centrum Senec &#8211; Metzeler<\/li>\n<li>\u00a0\u00a0\u00a0 Futbalov\u00fd \u0161tadi\u00f3n M\u0160K \u017dilina &#8211; ST<\/li>\n<li>\u00a0\u00a0\u00a0 \u010cisti\u010dka odpadov\u00fdch v\u00f4d Byt\u010da<\/li>\n<li>\u00a0\u00a0\u00a0 Dom soci\u00e1lnych slu\u017eieb Karpatsk\u00e1 \u017dilina &#8211; balk\u00f3ny<\/li>\n<li>\u00a0\u00a0\u00a0 M-Market\u00a0 Nov\u00e1 Ba\u0148a<\/li>\n<li>\u00a0\u00a0\u00a0 CTPark Gbe\u013eany<\/li>\n<\/ul>\n","protected":false},"excerpt":{"rendered":"<p>\u00a0\u00a0\u00a0 Bytov\u00fd dom Aurel Martin, 14 b.j. \u00a0\u00a0\u00a0 Hyunnam Automotive, Kr\u00e1sno nad Kysucou \u00a0 \u00a0 Madal bal \u00a0\u00a0\u00a0 TODOS \u017dilina s.ro. \u00a0\u00a0\u00a0 Hotel Atrium Nov\u00fd Smokovec &#8211; wellnes \u00a0\u00a0\u00a0 Kult\u00farny dom Kysuck\u00e9 nov\u00e9 Mesto \u00a0 \u00a0 HOWE Ko\u0161ice &#8211; Immopark \u00a0 \u00a0 DONGWON T\u0159inec \u00a0\u00a0\u00a0 Lie\u010debn\u00fd dom Cho\u010d L\u00fa\u010dky, 50 k\u00fape\u013eni \u00a0\u00a0\u00a0 \u010cerpacia stanica Shell [&hellip;]<\/p>\n","protected":false},"author":3,"featured_media":0,"parent":19,"menu_order":2,"comment_status":"closed","ping_status":"closed","template":"","meta":{"footnotes":""},"class_list":["post-68","page","type-page","status-publish"],"_links":{"self":[{"href":"http:\/\/mosip.sk\/index.php?rest_route=\/wp\/v2\/pages\/68","targetHints":{"allow":["GET"]}}],"collection":[{"href":"http:\/\/mosip.sk\/index.php?rest_route=\/wp\/v2\/pages"}],"about":[{"href":"http:\/\/mosip.sk\/index.php?rest_route=\/wp\/v2\/types\/page"}],"author":[{"embeddable":true,"href":"http:\/\/mosip.sk\/index.php?rest_route=\/wp\/v2\/users\/3"}],"replies":[{"embeddable":true,"href":"http:\/\/mosip.sk\/index.php?rest_route=%2Fwp%2Fv2%2Fcomments&post=68"}],"version-history":[{"count":4,"href":"http:\/\/mosip.sk\/index.php?rest_route=\/wp\/v2\/pages\/68\/revisions"}],"predecessor-version":[{"id":98,"href":"http:\/\/mosip.sk\/index.php?rest_route=\/wp\/v2\/pages\/68\/revisions\/98"}],"up":[{"embeddable":true,"href":"http:\/\/mosip.sk\/index.php?rest_route=\/wp\/v2\/pages\/19"}],"wp:attachment":[{"href":"http:\/\/mosip.sk\/index.php?rest_route=%2Fwp%2Fv2%2Fmedia&parent=68"}],"curies":[{"name":"wp","href":"https:\/\/api.w.org\/{rel}","templated":true}]}}