{"id":274,"date":"2016-12-01T10:10:29","date_gmt":"2016-12-01T08:10:29","guid":{"rendered":"http:\/\/mosip.sk\/?page_id=274"},"modified":"2017-02-16T16:02:00","modified_gmt":"2017-02-16T14:02:00","slug":"vzorove-kupelne","status":"publish","type":"page","link":"http:\/\/mosip.sk\/?page_id=274","title":{"rendered":"Vzorov\u00e9 k\u00fape\u013ene"},"content":{"rendered":"<p style=\"text-align: center;\"><a href=\"http:\/\/mosip.sk\/?page_id=290\"><img loading=\"lazy\" decoding=\"async\" class=\"alignnone  wp-image-460 aligncenter\" src=\"http:\/\/mosip.sk\/wp-content\/uploads\/2016\/12\/kupelne-2-final-300x225.jpg\" alt=\"\" width=\"248\" height=\"186\" srcset=\"http:\/\/mosip.sk\/wp-content\/uploads\/2016\/12\/kupelne-2-final-300x225.jpg 300w, http:\/\/mosip.sk\/wp-content\/uploads\/2016\/12\/kupelne-2-final-768x575.jpg 768w, http:\/\/mosip.sk\/wp-content\/uploads\/2016\/12\/kupelne-2-final-1024x767.jpg 1024w\" sizes=\"auto, (max-width: 248px) 100vw, 248px\" \/><\/a>\u00a0 <a href=\"http:\/\/mosip.sk\/?page_id=297\"><img loading=\"lazy\" decoding=\"async\" class=\"alignnone  wp-image-458\" src=\"http:\/\/mosip.sk\/wp-content\/uploads\/2016\/12\/spoloc-final-300-300x225.jpg\" alt=\"\" width=\"248\" height=\"186\" srcset=\"http:\/\/mosip.sk\/wp-content\/uploads\/2016\/12\/spoloc-final-300-300x225.jpg 300w, http:\/\/mosip.sk\/wp-content\/uploads\/2016\/12\/spoloc-final-300-768x575.jpg 768w, http:\/\/mosip.sk\/wp-content\/uploads\/2016\/12\/spoloc-final-300-1024x767.jpg 1024w\" sizes=\"auto, (max-width: 248px) 100vw, 248px\" \/><\/a>\u00a0 <a href=\"http:\/\/mosip.sk\/?page_id=300\"><img loading=\"lazy\" decoding=\"async\" class=\"alignnone  wp-image-447\" src=\"http:\/\/mosip.sk\/wp-content\/uploads\/2016\/12\/schodiska-new-300x225.jpg\" alt=\"\" width=\"248\" height=\"186\" srcset=\"http:\/\/mosip.sk\/wp-content\/uploads\/2016\/12\/schodiska-new-300x225.jpg 300w, http:\/\/mosip.sk\/wp-content\/uploads\/2016\/12\/schodiska-new-768x576.jpg 768w, http:\/\/mosip.sk\/wp-content\/uploads\/2016\/12\/schodiska-new-1024x768.jpg 1024w\" sizes=\"auto, (max-width: 248px) 100vw, 248px\" \/><\/a><\/p>\n","protected":false},"excerpt":{"rendered":"<p>\u00a0 \u00a0<\/p>\n","protected":false},"author":3,"featured_media":308,"parent":0,"menu_order":0,"comment_status":"closed","ping_status":"closed","template":"","meta":{"footnotes":""},"class_list":["post-274","page","type-page","status-publish","has-post-thumbnail"],"_links":{"self":[{"href":"http:\/\/mosip.sk\/index.php?rest_route=\/wp\/v2\/pages\/274","targetHints":{"allow":["GET"]}}],"collection":[{"href":"http:\/\/mosip.sk\/index.php?rest_route=\/wp\/v2\/pages"}],"about":[{"href":"http:\/\/mosip.sk\/index.php?rest_route=\/wp\/v2\/types\/page"}],"author":[{"embeddable":true,"href":"http:\/\/mosip.sk\/index.php?rest_route=\/wp\/v2\/users\/3"}],"replies":[{"embeddable":true,"href":"http:\/\/mosip.sk\/index.php?rest_route=%2Fwp%2Fv2%2Fcomments&post=274"}],"version-history":[{"count":22,"href":"http:\/\/mosip.sk\/index.php?rest_route=\/wp\/v2\/pages\/274\/revisions"}],"predecessor-version":[{"id":512,"href":"http:\/\/mosip.sk\/index.php?rest_route=\/wp\/v2\/pages\/274\/revisions\/512"}],"wp:featuredmedia":[{"embeddable":true,"href":"http:\/\/mosip.sk\/index.php?rest_route=\/wp\/v2\/media\/308"}],"wp:attachment":[{"href":"http:\/\/mosip.sk\/index.php?rest_route=%2Fwp%2Fv2%2Fmedia&parent=274"}],"curies":[{"name":"wp","href":"https:\/\/api.w.org\/{rel}","templated":true}]}}